{"id":2532,"date":"2021-12-30T01:24:49","date_gmt":"2021-12-30T00:24:49","guid":{"rendered":"https:\/\/heissklebepistole.de\/informativa-sulla-privacy\/"},"modified":"2021-12-30T01:24:49","modified_gmt":"2021-12-30T00:24:49","slug":"informativa-sulla-privacy","status":"publish","type":"page","link":"https:\/\/heissklebepistole.de\/it\/informativa-sulla-privacy\/","title":{"rendered":"Informativa sulla privacy"},"content":{"rendered":"\t\t<div data-elementor-type=\"wp-page\" data-elementor-id=\"2532\" class=\"elementor elementor-2532 elementor-3\">\n\t\t\t\t\t\t<section class=\"elementor-section elementor-top-section elementor-element elementor-element-6fb141ad elementor-section-boxed elementor-section-height-default elementor-section-height-default\" data-id=\"6fb141ad\" data-element_type=\"section\">\n\t\t\t\t\t\t<div class=\"elementor-container elementor-column-gap-default\">\n\t\t\t\t\t<div class=\"elementor-column elementor-col-100 elementor-top-column elementor-element elementor-element-2c4e249a\" data-id=\"2c4e249a\" data-element_type=\"column\">\n\t\t\t<div class=\"elementor-widget-wrap elementor-element-populated\">\n\t\t\t\t\t\t<div class=\"elementor-element elementor-element-0c41275 elementor-widget elementor-widget-spacer\" data-id=\"0c41275\" data-element_type=\"widget\" data-widget_type=\"spacer.default\">\n\t\t\t\t<div class=\"elementor-widget-container\">\n\t\t\t\t\t\t\t<div class=\"elementor-spacer\">\n\t\t\t<div class=\"elementor-spacer-inner\"><\/div>\n\t\t<\/div>\n\t\t\t\t\t\t<\/div>\n\t\t\t\t<\/div>\n\t\t\t\t<div class=\"elementor-element elementor-element-1ce13a1 elementor-widget elementor-widget-text-editor\" data-id=\"1ce13a1\" data-element_type=\"widget\" data-widget_type=\"text-editor.default\">\n\t\t\t\t<div class=\"elementor-widget-container\">\n\t\t\t\t\t\t\t\t\t<h1>Privacy<\/h1>\n\t\t\t\t\t\t\t\t<\/div>\n\t\t\t\t<\/div>\n\t\t\t\t<div class=\"elementor-element elementor-element-b2dc454 elementor-widget-divider--view-line elementor-widget elementor-widget-divider\" data-id=\"b2dc454\" data-element_type=\"widget\" data-widget_type=\"divider.default\">\n\t\t\t\t<div class=\"elementor-widget-container\">\n\t\t\t\t\t\t\t<div class=\"elementor-divider\">\n\t\t\t<span class=\"elementor-divider-separator\">\n\t\t\t\t\t\t<\/span>\n\t\t<\/div>\n\t\t\t\t\t\t<\/div>\n\t\t\t\t<\/div>\n\t\t\t\t<div class=\"elementor-element elementor-element-6ad060d elementor-widget elementor-widget-spacer\" data-id=\"6ad060d\" data-element_type=\"widget\" data-widget_type=\"spacer.default\">\n\t\t\t\t<div class=\"elementor-widget-container\">\n\t\t\t\t\t\t\t<div class=\"elementor-spacer\">\n\t\t\t<div class=\"elementor-spacer-inner\"><\/div>\n\t\t<\/div>\n\t\t\t\t\t\t<\/div>\n\t\t\t\t<\/div>\n\t\t\t\t\t<\/div>\n\t\t<\/div>\n\t\t\t\t\t<\/div>\n\t\t<\/section>\n\t\t\t\t<section class=\"elementor-section elementor-top-section elementor-element elementor-element-e18dc06 elementor-section-boxed elementor-section-height-default elementor-section-height-default\" data-id=\"e18dc06\" data-element_type=\"section\">\n\t\t\t\t\t\t<div class=\"elementor-container elementor-column-gap-default\">\n\t\t\t\t\t<div class=\"elementor-column elementor-col-25 elementor-top-column elementor-element elementor-element-74f2123\" data-id=\"74f2123\" data-element_type=\"column\">\n\t\t\t<div class=\"elementor-widget-wrap\">\n\t\t\t\t\t\t\t<\/div>\n\t\t<\/div>\n\t\t\t\t<div class=\"elementor-column elementor-col-50 elementor-top-column elementor-element elementor-element-29227b7\" data-id=\"29227b7\" data-element_type=\"column\">\n\t\t\t<div class=\"elementor-widget-wrap elementor-element-populated\">\n\t\t\t\t\t\t<div class=\"elementor-element elementor-element-5855b6fc elementor-widget elementor-widget-text-editor\" data-id=\"5855b6fc\" data-element_type=\"widget\" data-widget_type=\"text-editor.default\">\n\t\t\t\t<div class=\"elementor-widget-container\">\n\t\t\t\t\t\t\t\t\t<p><strong>Avviso generale e informazioni obbligatorie<\/strong><\/p>\n<p><strong>Designazione dell&#8217;organismo responsabile<\/strong><\/p>\n<p>L&#8217;organismo responsabile del trattamento dei dati su questo sito web \u00e8:<\/p>\n<p>A.S.Exclusiv<br \/>\nR.Rom<br \/>\nGabelsbergerstr. 31<br \/>\n50674 K\u00f6ln<\/p>\n<p>L&#8217;organismo responsabile decide da solo o insieme ad altri in merito alle finalit\u00e0 e ai mezzi del trattamento dei dati personali (e.B. nomi, dati di contatto, ecc.).<\/p>\n<p>&nbsp;<\/p>\n<p><strong>Revoca del consenso al trattamento dei dati<\/strong><\/p>\n<p>Solo con il tuo esplicito consenso sono possibili alcune operazioni di trattamento dei dati. La revoca del consenso gi\u00e0 prestato \u00e8 possibile in qualsiasi momento. Per la revoca \u00e8 sufficiente una notifica informale via e-mail. La legalit\u00e0 del trattamento dei dati effettuato fino alla revoca rimane inalterata dalla revoca.<\/p>\n<p>&nbsp;<\/p>\n<p><strong>Diritto di proporre reclamo all&#8217;autorit\u00e0 di controllo competente<\/strong><\/p>\n<p>In qualit\u00e0 di interessato, hai il diritto di presentare un reclamo all&#8217;autorit\u00e0 di controllo competente in caso di violazione della legge sulla protezione dei dati. L&#8217;autorit\u00e0 di controllo competente per quanto riguarda le questioni relative alla protezione dei dati \u00e8 il responsabile della protezione dei dati dello stato federale in cui si trova la sede legale della nostra azienda. Il seguente link fornisce un elenco dei responsabili della protezione dei dati e i loro dati di contatto:\u00a0<a href=\"https:\/\/www.bfdi.bund.de\/DE\/Infothek\/Anschriften_Links\/anschriften_links-node.html\" target=\"_blank\" rel=\"noopener\">https:\/\/www.bfdi.bund.de\/DE\/Infothek\/Anschriften_Links\/anschriften_links-node.html<\/a>.<\/p>\n<p>&nbsp;<\/p>\n<p><strong>Diritto alla portabilit\u00e0 dei dati<\/strong><\/p>\n<p>Hai il diritto di ottenere la consegna dei dati che elaboriamo automaticamente sulla base del tuo consenso o in adempimento di un contratto a te o a terzi. La disposizione \u00e8 effettuata in un formato leggibile dalla macchina. Se si richiede il trasferimento diretto dei dati a un altro responsabile del trattamento, ci\u00f2 avverr\u00e0 solo nella misura in cui \u00e8 tecnicamente fattibile.<\/p>\n<p>&nbsp;<\/p>\n<p><strong>Diritto all&#8217;informazione, correzione, blocco, cancellazione<\/strong><\/p>\n<p>Hai il diritto in qualsiasi momento nell&#8217;ambito delle disposizioni legali applicabili di ottenere gratuitamente informazioni sui tuoi dati personali memorizzati, sull&#8217;origine dei dati, sui loro destinatari e sullo scopo del trattamento dei dati e, se necessario, sul diritto di rettifica, blocco o cancellazione di questi dati. A questo proposito e anche per ulteriori domande in materia di dati personali, puoi contattarci in qualsiasi momento tramite le opzioni di contatto elencate nell&#8217;impronta.<\/p>\n<p>&nbsp;<\/p>\n<p><strong>Crittografia SSL o TLS<\/strong><\/p>\n<p>Per motivi di sicurezza e per proteggere la trasmissione di contenuti riservati che ci invii come operatore del sito, il nostro sito Web utilizza la crittografia SSL o TLS. Ci\u00f2 significa che i dati trasmessi tramite questo sito Web non possono essere letti da terzi. \u00c8 possibile riconoscere una connessione crittografata dalla riga dell&#8217;indirizzo &#8220;https:\/\/&#8221; del browser e dal simbolo del lucchetto nella riga del browser.<\/p>\n<p>&nbsp;<\/p>\n<p><strong>File di registro del server<\/strong><\/p>\n<p>Nei file di registro del server, il fornitore del sito Web raccoglie e memorizza automaticamente le informazioni che il browser ci trasmette automaticamente. Questi sono:<\/p>\n<ul>\n<li>Tipo di browser e versione del browser<\/li>\n<li>Sistema operativo utilizzato<\/li>\n<li>Referrer URL<\/li>\n<li>Nome host del computer che accede<\/li>\n<li>Ora della richiesta del server<\/li>\n<li>Indirizzo IP<\/li>\n<\/ul>\n<p>Non vi \u00e8 alcuna fusione di questi dati con altre fonti di dati. La base per il trattamento dei dati \u00e8 l&#8217;articolo 6 capoverso 1 lit.b GDPR, che consente il trattamento dei dati per l&#8217;esecuzione di un contratto o di misure precontrattuali.<\/p>\n<p>&nbsp;<\/p>\n<p><strong>Registrazione su questo sito web<\/strong><\/p>\n<p>Per utilizzare determinate funzioni, \u00e8 possibile registrarsi sul nostro sito web. I dati trasmessi vengono utilizzati esclusivamente allo scopo di utilizzare la rispettiva offerta o servizio. Le informazioni obbligatorie richieste durante la registrazione devono essere fornite per intero. In caso contrario, rifiuteremo la registrazione.<\/p>\n<p>In caso di modifiche importanti, ad esempio per motivi tecnici, ti informeremo via e-mail. L&#8217;e-mail verr\u00e0 inviata all&#8217;indirizzo fornito in fase di registrazione.<\/p>\n<p>Il trattamento dei dati inseriti durante la registrazione avviene sulla base del vostro consenso (art. 6 cpv. 1 lett. a GDPR). La revoca del consenso gi\u00e0 prestato \u00e8 possibile in qualsiasi momento. Per la revoca \u00e8 sufficiente una notifica informale via e-mail. La legalit\u00e0 del trattamento dei dati che ha gi\u00e0 avuto luogo rimane inalterata dalla revoca.<\/p>\n<p>Conserviamo i dati raccolti durante la registrazione durante il periodo in cui sei registrato sul nostro sito web. I tuoi dati saranno cancellati se annulli la registrazione. I periodi di conservazione previsti dalla legge rimangono inalterati.<\/p>\n<p>&nbsp;<\/p>\n<p><strong>Contatto<\/strong><\/p>\n<p>I dati trasmessi tramite il modulo di contatto, compresi i tuoi dati di contatto, saranno memorizzati per poter elaborare la tua richiesta o per essere disponibili per domande di follow-up. Questi dati non saranno trasmessi senza il tuo consenso.<\/p>\n<p>Il trattamento dei dati inseriti nel modulo di contatto avviene esclusivamente sulla base del vostro consenso (art. 6 cpv. 1 lett. a GDPR). La revoca del consenso gi\u00e0 prestato \u00e8 possibile in qualsiasi momento. Per la revoca \u00e8 sufficiente una notifica informale via e-mail. La legalit\u00e0 delle operazioni di trattamento dei dati effettuate fino alla revoca rimane inalterata dalla revoca.<\/p>\n<p>I dati trasmessi tramite il modulo di contatto rimarranno con noi fino a quando non ci chiederai di cancellarli, revocare il tuo consenso alla memorizzazione o non vi sar\u00e0 pi\u00f9 alcuna necessit\u00e0 di archiviazione dei dati. Le disposizioni di legge obbligatorie &#8211; in particolare i periodi di conservazione &#8211; rimangono inalterate.<\/p>\n<p>&nbsp;<\/p>\n<p><strong>Periodo di conservazione dei contributi e dei commenti<\/strong><\/p>\n<p>Vengono memorizzati contributi e commenti, nonch\u00e9 i dati correlati, come gli indirizzi IP. Il contenuto rimane sul nostro sito web fino a quando non \u00e8 stato completamente cancellato o ha dovuto essere cancellato per motivi legali.<\/p>\n<p>I contributi e i commenti sono memorizzati sulla base del vostro consenso (art. 6 cpv. 1 lett. a GDPR). La revoca del consenso gi\u00e0 prestato \u00e8 possibile in qualsiasi momento. Per la revoca \u00e8 sufficiente una notifica informale via e-mail. La legalit\u00e0 delle operazioni di trattamento dei dati che hanno gi\u00e0 avuto luogo rimane inalterata dalla revoca.<\/p>\n<p>&nbsp;<\/p>\n<p><strong>Dati della newsletter<\/strong><\/p>\n<p>Per inviare la nostra newsletter, abbiamo bisogno di un indirizzo e-mail da parte tua. \u00c8 necessaria una verifica dell&#8217;indirizzo e-mail fornito e la ricezione della newsletter deve essere autorizzata. I dati supplementari non vengono raccolti o sono volontari. I dati vengono utilizzati esclusivamente per l&#8217;invio della newsletter.<\/p>\n<p>I dati forniti al momento dell&#8217;iscrizione alla newsletter saranno trattati esclusivamente sulla base del vostro consenso (art. 6 cpv. 1 lett. a GDPR). La revoca del consenso gi\u00e0 prestato \u00e8 possibile in qualsiasi momento. Per la revoca, \u00e8 sufficiente un messaggio informale via e-mail o si annulla l&#8217;iscrizione tramite il link &#8220;annulla iscrizione&#8221; nella newsletter. La legalit\u00e0 delle operazioni di trattamento dei dati che hanno gi\u00e0 avuto luogo rimane inalterata dalla revoca.<\/p>\n<p>I dati inseriti per impostare l&#8217;abbonamento verranno cancellati in caso di annullamento dell&#8217;iscrizione. Se questi dati ci sono stati trasmessi per altri scopi e altrove, continueranno a essere con noi.<\/p>\n<p>&nbsp;<\/p>\n<p><strong>YouTube<\/strong><\/p>\n<p>Per l&#8217;integrazione e la presentazione di contenuti video, il nostro sito Web utilizza plug-in di YouTube. Il fornitore del portale video \u00e8 YouTube, LLC, 901 Cherry Ave., San Bruno, CA 94066, USA.<\/p>\n<p>Quando si accede a una pagina con un plug-in YouTube integrato, viene stabilita una connessione ai server di YouTube. Questo indica a YouTube a quale delle nostre pagine hai effettuato l&#8217;accesso.<\/p>\n<p>YouTube pu\u00f2 assegnare il tuo comportamento di navigazione direttamente al tuo profilo personale se hai effettuato l&#8217;accesso al tuo account YouTube. Disconnettendoti in anticipo, hai la possibilit\u00e0 di impedirlo.<\/p>\n<p>L&#8217;uso di YouTube \u00e8 nell&#8217;interesse di una presentazione accattivante delle nostre offerte online. Ci\u00f2 costituisce un interesse legittimo ai sensi dell&#8217;articolo 6 capoverso 1 lit. f GDPR.<\/p>\n<p>I dettagli sul trattamento dei dati degli utenti sono disponibili nell&#8217;informativa sulla privacy di YouTube all&#8217;indirizzo:\u00a0<a href=\"https:\/\/www.google.de\/intl\/de\/policies\/privacy\">https:\/\/www.google.de\/intl\/de\/policies\/privacy<\/a>.<\/p>\n<p>&nbsp;<\/p>\n<p><strong>Cookies<\/strong><\/p>\n<p>Il nostro sito web utilizza i cookie. Si tratta di piccoli file di testo che il browser Web memorizza sul dispositivo. I cookie ci aiutano a rendere la nostra offerta pi\u00f9 user-friendly, efficace e sicura.<\/p>\n<p>Alcuni cookie sono &#8220;cookie di sessione&#8221;. Tali cookie vengono cancellati automaticamente al termine della sessione del browser. D&#8217;altra parte, altri cookie rimangono sul tuo dispositivo fino a quando non li elimini tu stesso. Tali cookie ci aiutano a riconoscerti quando ritorni sul nostro sito web.<\/p>\n<p>Con un browser Web moderno, \u00e8 possibile monitorare, limitare o impedire l&#8217;impostazione dei cookie. Molti browser Web possono essere configurati per eliminare i cookie da soli quando si chiude il programma. La disabilitazione dei cookie pu\u00f2 comportare una funzionalit\u00e0 limitata del nostro sito web.<\/p>\n<p>L&#8217;impostazione dei cookie necessari per l&#8217;esercizio dei processi di comunicazione elettronica o la fornitura di determinate funzioni desiderate dall&#8217;utente (e.B. carrello della spesa) si basa sull&#8217;articolo 6 capoverso 1 lit. f GDPR. In qualit\u00e0 di gestore di questo sito Web, abbiamo un legittimo interesse alla memorizzazione dei cookie per la fornitura tecnicamente priva di errori e senza intoppi dei nostri servizi. Se vengono impostati altri cookie (e.B. per funzioni di analisi), saranno trattati separatamente nella presente dichiarazione sulla protezione dei dati.<\/p>\n<p>&nbsp;<\/p>\n<p><strong>Google Analytics<\/strong><\/p>\n<p>Il nostro sito web utilizza le funzioni del servizio di analisi web Google Analytics. Il fornitore del servizio di analisi web \u00e8 Google Inc., 1600 Amphitheatre Parkway, Mountain View, CA 94043, USA.<\/p>\n<p>Google Analytics utilizza i &#8220;cookie&#8221;. Si tratta di piccoli file di testo che il browser Web memorizza sul dispositivo e consentono un&#8217;analisi dell&#8217;utilizzo del sito Web. Le informazioni generate dai cookie sull&#8217;utilizzo del nostro sito Web vengono trasmesse a un server di Google e ivi memorizzate. La posizione del server \u00e8 di solito gli Stati Uniti.<\/p>\n<p>I cookie di Google Analytics sono impostati sulla base dell&#8217;articolo 6 capoverso 1 lit. In qualit\u00e0 di gestore di questo sito web, abbiamo un legittimo interesse ad analizzare il comportamento degli utenti al fine di ottimizzare il nostro sito web e, se necessario, la pubblicit\u00e0.<\/p>\n<p>&nbsp;<\/p>\n<p><strong>Anonimizzazione IP<\/strong><\/p>\n<p>Utilizziamo Google Analytics in combinazione con la funzione di anonimizzazione IP. Garantisce che Google accorci il vostro indirizzo IP all&#8217;interno degli stati membri dell&#8217;Unione Europea o in altri stati contraenti dell&#8217;Accordo sullo Spazio Economico Europeo prima della trasmissione negli Stati Uniti. Ci possono essere casi eccezionali in cui Google trasmette l&#8217;indirizzo IP completo a un server negli Stati Uniti e lo abbrevia l\u00ec. Per nostro conto, Google utilizzer\u00e0 queste informazioni per valutare l&#8217;utilizzo del sito web, per compilare report sulle attivit\u00e0 del sito web e per fornirci altri servizi relativi alle attivit\u00e0 del sito web e all&#8217;utilizzo di Internet. Non vi \u00e8 alcuna fusione dell&#8217;indirizzo IP trasmesso da Google Analytics con altri dati di Google.<\/p>\n<p>&nbsp;<\/p>\n<p><strong>Browser Plugin<\/strong><\/p>\n<p>L&#8217;impostazione dei cookie da parte del browser Web pu\u00f2 essere impedita. Tuttavia, alcune funzioni del nostro sito Web potrebbero essere limitate di conseguenza. Potete anche impedire la raccolta di dati relativi al vostro utilizzo del sito web, compreso il vostro indirizzo IP, compresa la successiva elaborazione da parte di Google. Ci\u00f2 \u00e8 possibile scaricando e installando il plug-in del browser accessibile tramite il seguente link:\u00a0<a href=\"https:\/\/tools.google.com\/dlpage\/gaoptout?hl=de\">https:\/\/tools.google.com\/dlpage\/gaoptout?hl=de<\/a>.<\/p>\n<p>&nbsp;<\/p>\n<p><strong>Opposizione alla raccolta dei dati<\/strong><\/p>\n<p>Puoi impedire la raccolta dei tuoi dati da parte di Google Analytics facendo clic sul seguente link. Verr\u00e0 impostato un cookie di opt-out per impedire la raccolta dei tuoi dati sulle future visite al nostro sito web: Disabilita Google Analytics.<\/p>\n<p>I dettagli sul trattamento dei dati degli utenti da parte di Google Analytics sono disponibili nell&#8217;informativa sulla privacy di Google:\u00a0<a href=\"https:\/\/support.google.com\/analytics\/answer\/6004245?hl=de\">https:\/\/support.google.com\/analytics\/answer\/6004245?hl=de<\/a>.<\/p>\n<p>&nbsp;<\/p>\n<p><strong>Elaborazione degli ordini<\/strong><\/p>\n<p>Al fine di rispettare pienamente i requisiti legali in materia di protezione dei dati, abbiamo stipulato un contratto con Google per l&#8217;elaborazione degli ordini.<\/p>\n<p>&nbsp;<\/p>\n<p><strong>Caratteristiche demografiche di Google Analytics<\/strong><\/p>\n<p>Il nostro sito web utilizza la funzione &#8220;caratteristiche demografiche&#8221; di Google Analytics. Pu\u00f2 essere utilizzato per creare report che contengono dichiarazioni sull&#8217;et\u00e0, il sesso e gli interessi dei visitatori del sito. Questi dati provengono dalla pubblicit\u00e0 basata sugli interessi di Google e dai dati dei visitatori di fornitori di terze parti. Non \u00e8 possibile assegnare i dati a una persona specifica. \u00c8 possibile disabilitare questa funzione in qualsiasi momento. Ci\u00f2 \u00e8 possibile tramite le impostazioni degli annunci nel tuo account Google o vietando generalmente la raccolta dei tuoi dati da parte di Google Analytics, come spiegato nella sezione &#8220;Obiezione alla raccolta dei dati&#8221;.<\/p>\n<p>&nbsp;<\/p>\n<p><strong>Google AdWords e il monitoraggio delle conversioni di Google<\/strong><\/p>\n<p>Il nostro sito web utilizza Google AdWords. Il fornitore \u00e8 Google Inc., 1600 Amphitheatre Parkway, Mountain View, CA 94043, Stati Uniti.<\/p>\n<p>AdWords \u00e8 un programma di pubblicit\u00e0 online. Come parte del programma di pubblicit\u00e0 online, lavoriamo con il monitoraggio delle conversioni. Dopo aver fatto clic su un annuncio inserito da Google, viene impostato un cookie per il monitoraggio delle conversioni. I cookie sono piccoli file di testo che il tuo browser web memorizza sul tuo dispositivo. I cookie di Google AdWords perdono la loro validit\u00e0 dopo 30 giorni e non vengono utilizzati per identificare personalmente gli utenti. Il cookie consente a Google e a noi di riconoscere che hai fatto clic su un annuncio e sei stato reindirizzato al nostro sito web.<\/p>\n<p>Ogni cliente di Google AdWords riceve un cookie diverso. I cookie non sono rintracciabili tramite i siti web dei clienti AdWords. I cookie di conversione vengono utilizzati per creare statistiche di conversione per i clienti AdWords che utilizzano il monitoraggio delle conversioni. I clienti Adwords vengono a sapere quanti utenti hanno fatto clic sul loro annuncio e sono stati reindirizzati a pagine con tag di monitoraggio delle conversioni. Tuttavia, i clienti AdWords non ricevono alcuna informazione che consenta l&#8217;identificazione personale degli utenti. Se non si desidera partecipare al monitoraggio, \u00e8 possibile opporsi al suo utilizzo. Qui, il cookie di conversione deve essere disattivato nelle impostazioni utente del browser. Pertanto, non vi \u00e8 alcuna inclusione nelle statistiche di monitoraggio delle conversioni.<\/p>\n<p>La memorizzazione dei &#8220;cookie di conversione&#8221; avviene sulla base dell&#8217;articolo 6 capoverso 1 lit. f GDPR. In qualit\u00e0 di gestore del sito web, abbiamo un legittimo interesse ad analizzare il comportamento degli utenti al fine di ottimizzare il nostro sito web e la pubblicit\u00e0.<\/p>\n<p>I dettagli su Google AdWords e google conversion tracking sono disponibili nell&#8217;informativa sulla privacy di Google:\u00a0<a href=\"https:\/\/www.google.de\/policies\/privacy\/\">https:\/\/www.google.de\/policies\/privacy\/<\/a>.<\/p>\n<p>Con un browser Web moderno, \u00e8 possibile monitorare, limitare o impedire l&#8217;impostazione dei cookie. La disabilitazione dei cookie pu\u00f2 comportare una funzionalit\u00e0 limitata del nostro sito web.<\/p>\n<p><small>Fonte: Configuratore della protezione dei dati di\u00a0<a href=\"http:\/\/www.mein-datenschutzbeauftragter.de\/\" target=\"_blank\" rel=\"noopener\">mein-datenschutzbeauftragter.de<\/a><\/small><\/p>\n\t\t\t\t\t\t\t\t<\/div>\n\t\t\t\t<\/div>\n\t\t\t\t\t<\/div>\n\t\t<\/div>\n\t\t\t\t<div class=\"elementor-column elementor-col-25 elementor-top-column elementor-element elementor-element-cf07c92\" data-id=\"cf07c92\" data-element_type=\"column\">\n\t\t\t<div class=\"elementor-widget-wrap\">\n\t\t\t\t\t\t\t<\/div>\n\t\t<\/div>\n\t\t\t\t\t<\/div>\n\t\t<\/section>\n\t\t\t\t<\/div>\n\t\t","protected":false},"excerpt":{"rendered":"<p>Privacy Avviso generale e informazioni obbligatorie Designazione dell&#8217;organismo responsabile L&#8217;organismo responsabile del trattamento dei dati su questo sito web \u00e8: A.S.Exclusiv R.Rom Gabelsbergerstr. 31 50674 K\u00f6ln<span class=\"excerpt-hellip\"> [\u2026]<\/span><\/p>\n","protected":false},"author":1,"featured_media":1419,"parent":0,"menu_order":101,"comment_status":"closed","ping_status":"closed","template":"","meta":{"footnotes":""},"class_list":["post-2532","page","type-page","status-publish","has-post-thumbnail","hentry"],"_links":{"self":[{"href":"https:\/\/heissklebepistole.de\/it\/wp-json\/wp\/v2\/pages\/2532","targetHints":{"allow":["GET"]}}],"collection":[{"href":"https:\/\/heissklebepistole.de\/it\/wp-json\/wp\/v2\/pages"}],"about":[{"href":"https:\/\/heissklebepistole.de\/it\/wp-json\/wp\/v2\/types\/page"}],"author":[{"embeddable":true,"href":"https:\/\/heissklebepistole.de\/it\/wp-json\/wp\/v2\/users\/1"}],"replies":[{"embeddable":true,"href":"https:\/\/heissklebepistole.de\/it\/wp-json\/wp\/v2\/comments?post=2532"}],"version-history":[{"count":1,"href":"https:\/\/heissklebepistole.de\/it\/wp-json\/wp\/v2\/pages\/2532\/revisions"}],"predecessor-version":[{"id":2533,"href":"https:\/\/heissklebepistole.de\/it\/wp-json\/wp\/v2\/pages\/2532\/revisions\/2533"}],"wp:featuredmedia":[{"embeddable":true,"href":"https:\/\/heissklebepistole.de\/it\/wp-json\/wp\/v2\/media\/1419"}],"wp:attachment":[{"href":"https:\/\/heissklebepistole.de\/it\/wp-json\/wp\/v2\/media?parent=2532"}],"curies":[{"name":"wp","href":"https:\/\/api.w.org\/{rel}","templated":true}]}}