{"id":1705,"date":"2021-09-13T10:26:08","date_gmt":"2021-09-13T08:26:08","guid":{"rendered":"http:\/\/neu.heissklebepistole.de\/imprimere\/"},"modified":"2021-12-30T00:48:16","modified_gmt":"2021-12-29T23:48:16","slug":"imprimere","status":"publish","type":"page","link":"https:\/\/heissklebepistole.de\/it\/imprimere\/","title":{"rendered":"Imprimere"},"content":{"rendered":"\t\t<div data-elementor-type=\"wp-page\" data-elementor-id=\"1705\" class=\"elementor elementor-1705 elementor-1065\">\n\t\t\t\t\t\t<section class=\"elementor-section elementor-top-section elementor-element elementor-element-fe4789f elementor-section-boxed elementor-section-height-default elementor-section-height-default\" data-id=\"fe4789f\" data-element_type=\"section\">\n\t\t\t\t\t\t<div class=\"elementor-container elementor-column-gap-default\">\n\t\t\t\t\t<div class=\"elementor-column elementor-col-100 elementor-top-column elementor-element elementor-element-42cf586\" data-id=\"42cf586\" data-element_type=\"column\">\n\t\t\t<div class=\"elementor-widget-wrap elementor-element-populated\">\n\t\t\t\t\t\t<div class=\"elementor-element elementor-element-9ec59ee elementor-widget elementor-widget-spacer\" data-id=\"9ec59ee\" data-element_type=\"widget\" data-widget_type=\"spacer.default\">\n\t\t\t\t<div class=\"elementor-widget-container\">\n\t\t\t\t\t\t\t<div class=\"elementor-spacer\">\n\t\t\t<div class=\"elementor-spacer-inner\"><\/div>\n\t\t<\/div>\n\t\t\t\t\t\t<\/div>\n\t\t\t\t<\/div>\n\t\t\t\t<div class=\"elementor-element elementor-element-0658697 elementor-widget elementor-widget-text-editor\" data-id=\"0658697\" data-element_type=\"widget\" data-widget_type=\"text-editor.default\">\n\t\t\t\t<div class=\"elementor-widget-container\">\n\t\t\t\t\t\t\t\t\t<h1>Imprimere<\/h1>\n\t\t\t\t\t\t\t\t<\/div>\n\t\t\t\t<\/div>\n\t\t\t\t<div class=\"elementor-element elementor-element-eb24fb5 elementor-widget-divider--view-line elementor-widget elementor-widget-divider\" data-id=\"eb24fb5\" data-element_type=\"widget\" data-widget_type=\"divider.default\">\n\t\t\t\t<div class=\"elementor-widget-container\">\n\t\t\t\t\t\t\t<div class=\"elementor-divider\">\n\t\t\t<span class=\"elementor-divider-separator\">\n\t\t\t\t\t\t<\/span>\n\t\t<\/div>\n\t\t\t\t\t\t<\/div>\n\t\t\t\t<\/div>\n\t\t\t\t<div class=\"elementor-element elementor-element-ec99253 elementor-widget elementor-widget-spacer\" data-id=\"ec99253\" data-element_type=\"widget\" data-widget_type=\"spacer.default\">\n\t\t\t\t<div class=\"elementor-widget-container\">\n\t\t\t\t\t\t\t<div class=\"elementor-spacer\">\n\t\t\t<div class=\"elementor-spacer-inner\"><\/div>\n\t\t<\/div>\n\t\t\t\t\t\t<\/div>\n\t\t\t\t<\/div>\n\t\t\t\t<div class=\"elementor-element elementor-element-57de564 elementor-widget elementor-widget-text-editor\" data-id=\"57de564\" data-element_type=\"widget\" data-widget_type=\"text-editor.default\">\n\t\t\t\t<div class=\"elementor-widget-container\">\n\t\t\t\t\t\t\t\t\t<p>A.S. Exclusiv &#8211; R\u00fcdiger Rom<br \/>Gabelsbergerstr. 31<br \/>D-50674 K\u00f6ln<br \/>Telefon: 0221 \/ 44 66 44<br \/>Fax: 0221 \/ 44 66 33<br \/>E-Mail: asint@t-online.de<\/p>\n<p>UST-IDENT-Nr.: DE 122 702 841 \/ Amtsgericht K\u00f6ln HRA 12322<br \/>Finanzamt K\u00f6ln &#8211; Altstadt<br \/>Steuernummer: 21451811453<\/p>\n<p>\u00a0<\/p>\n<p>In nessun caso si assume alcuna responsabilit\u00e0 per la correttezza, la completezza e l&#8217;attualit\u00e0 dei contenuti. Tutti i testi, i contenuti e le immagini di questo sito web sono protetti da copyright e servono solo per informazioni generali. \u00c8 esclusa qualsiasi responsabilit\u00e0, in particolare per eventuali danni o conseguenze derivanti dall&#8217;uso delle informazioni fornite. Le informazioni fornite su questo sito web sono state attentamente controllate e vengono regolarmente aggiornate. Tuttavia, non pu\u00f2 essere fornita alcuna garanzia che tutte le informazioni siano complete, corrette e aggiornate in ogni momento. Tutte le informazioni possono essere integrate, rimosse o modificate senza preavviso. Nota su tutti i link: Con la sua sentenza del 12.05.1998 &#8211; 312O85\/98 &#8211; \u00bbResponsabilit\u00e0 per i collegamenti\u00ab, il Tribunale regionale di Amburgo ha deciso che allegando un link, si pu\u00f2 essere responsabili per il contenuto della pagina collegata. Secondo la decisione del tribunale, ci\u00f2 pu\u00f2 essere evitato solo prendendo espressamente le distanze da questi contenuti. Con la presente prendiamo espressamente le distanze da tutti i contenuti di tutte le pagine collegate sulla nostra presentazione Internet e non adottiamo questi contenuti come nostri. Questa dichiarazione si applica a tutti i link su questo sito web.<\/p>\n\t\t\t\t\t\t\t\t<\/div>\n\t\t\t\t<\/div>\n\t\t\t\t\t<\/div>\n\t\t<\/div>\n\t\t\t\t\t<\/div>\n\t\t<\/section>\n\t\t\t\t<\/div>\n\t\t","protected":false},"excerpt":{"rendered":"<p>Imprimere A.S. Exclusiv &#8211; R\u00fcdiger RomGabelsbergerstr. 31D-50674 K\u00f6lnTelefon: 0221 \/ 44 66 44Fax: 0221 \/ 44 66 33E-Mail: asint@t-online.de UST-IDENT-Nr.: DE 122 702 841 \/ Amtsgericht<span class=\"excerpt-hellip\"> [\u2026]<\/span><\/p>\n","protected":false},"author":1,"featured_media":0,"parent":0,"menu_order":100,"comment_status":"closed","ping_status":"closed","template":"","meta":{"footnotes":""},"class_list":["post-1705","page","type-page","status-publish","hentry"],"_links":{"self":[{"href":"https:\/\/heissklebepistole.de\/it\/wp-json\/wp\/v2\/pages\/1705","targetHints":{"allow":["GET"]}}],"collection":[{"href":"https:\/\/heissklebepistole.de\/it\/wp-json\/wp\/v2\/pages"}],"about":[{"href":"https:\/\/heissklebepistole.de\/it\/wp-json\/wp\/v2\/types\/page"}],"author":[{"embeddable":true,"href":"https:\/\/heissklebepistole.de\/it\/wp-json\/wp\/v2\/users\/1"}],"replies":[{"embeddable":true,"href":"https:\/\/heissklebepistole.de\/it\/wp-json\/wp\/v2\/comments?post=1705"}],"version-history":[{"count":3,"href":"https:\/\/heissklebepistole.de\/it\/wp-json\/wp\/v2\/pages\/1705\/revisions"}],"predecessor-version":[{"id":2529,"href":"https:\/\/heissklebepistole.de\/it\/wp-json\/wp\/v2\/pages\/1705\/revisions\/2529"}],"wp:attachment":[{"href":"https:\/\/heissklebepistole.de\/it\/wp-json\/wp\/v2\/media?parent=1705"}],"curies":[{"name":"wp","href":"https:\/\/api.w.org\/{rel}","templated":true}]}}