{"id":1680,"date":"2021-09-13T10:21:09","date_gmt":"2021-09-13T08:21:09","guid":{"rendered":"http:\/\/neu.heissklebepistole.de\/chi-siamo\/"},"modified":"2026-01-27T11:44:45","modified_gmt":"2026-01-27T10:44:45","slug":"chi-siamo","status":"publish","type":"page","link":"https:\/\/heissklebepistole.de\/it\/chi-siamo\/","title":{"rendered":"Chi Siamo"},"content":{"rendered":"\t\t<div data-elementor-type=\"wp-page\" data-elementor-id=\"1680\" class=\"elementor elementor-1680 elementor-17\">\n\t\t\t\t\t\t<section class=\"elementor-section elementor-top-section elementor-element elementor-element-ed9ea91 elementor-section-boxed elementor-section-height-default elementor-section-height-default\" data-id=\"ed9ea91\" data-element_type=\"section\">\n\t\t\t\t\t\t<div class=\"elementor-container elementor-column-gap-default\">\n\t\t\t\t\t<div class=\"elementor-column elementor-col-100 elementor-top-column elementor-element elementor-element-6b9ffff\" data-id=\"6b9ffff\" data-element_type=\"column\">\n\t\t\t<div class=\"elementor-widget-wrap elementor-element-populated\">\n\t\t\t\t\t\t<div class=\"elementor-element elementor-element-378d396 elementor-widget elementor-widget-spacer\" data-id=\"378d396\" data-element_type=\"widget\" data-widget_type=\"spacer.default\">\n\t\t\t\t<div class=\"elementor-widget-container\">\n\t\t\t\t\t\t\t<div class=\"elementor-spacer\">\n\t\t\t<div class=\"elementor-spacer-inner\"><\/div>\n\t\t<\/div>\n\t\t\t\t\t\t<\/div>\n\t\t\t\t<\/div>\n\t\t\t\t<div class=\"elementor-element elementor-element-7a082e4 elementor-widget elementor-widget-text-editor\" data-id=\"7a082e4\" data-element_type=\"widget\" data-widget_type=\"text-editor.default\">\n\t\t\t\t<div class=\"elementor-widget-container\">\n\t\t\t\t\t\t\t\t\t<h1>Perch\u00e9 A.S. Exclusiv?<\/h1>\t\t\t\t\t\t\t\t<\/div>\n\t\t\t\t<\/div>\n\t\t\t\t<div class=\"elementor-element elementor-element-17bc22b elementor-widget-divider--view-line elementor-widget elementor-widget-divider\" data-id=\"17bc22b\" data-element_type=\"widget\" data-widget_type=\"divider.default\">\n\t\t\t\t<div class=\"elementor-widget-container\">\n\t\t\t\t\t\t\t<div class=\"elementor-divider\">\n\t\t\t<span class=\"elementor-divider-separator\">\n\t\t\t\t\t\t<\/span>\n\t\t<\/div>\n\t\t\t\t\t\t<\/div>\n\t\t\t\t<\/div>\n\t\t\t\t<div class=\"elementor-element elementor-element-4c38506 elementor-widget elementor-widget-text-editor\" data-id=\"4c38506\" data-element_type=\"widget\" data-widget_type=\"text-editor.default\">\n\t\t\t\t<div class=\"elementor-widget-container\">\n\t\t\t\t\t\t\t\t\t<p>Pi\u00f9 di 40 anni di esperienza nella produzione e distribuzione di attrezzature per l&#8217;applicazione di adesivi e adesivi hot melt.<\/p><p>Dal 1985, ci siamo specializzati nella produzione e vendita di attrezzature per colla a caldo e accessori.<\/p>\t\t\t\t\t\t\t\t<\/div>\n\t\t\t\t<\/div>\n\t\t\t\t<div class=\"elementor-element elementor-element-bbc6cef elementor-widget elementor-widget-spacer\" data-id=\"bbc6cef\" data-element_type=\"widget\" data-widget_type=\"spacer.default\">\n\t\t\t\t<div class=\"elementor-widget-container\">\n\t\t\t\t\t\t\t<div class=\"elementor-spacer\">\n\t\t\t<div class=\"elementor-spacer-inner\"><\/div>\n\t\t<\/div>\n\t\t\t\t\t\t<\/div>\n\t\t\t\t<\/div>\n\t\t\t\t\t<\/div>\n\t\t<\/div>\n\t\t\t\t\t<\/div>\n\t\t<\/section>\n\t\t\t\t<section class=\"elementor-section elementor-top-section elementor-element elementor-element-8ca5b05 elementor-section-boxed elementor-section-height-default elementor-section-height-default\" data-id=\"8ca5b05\" data-element_type=\"section\">\n\t\t\t\t\t\t<div class=\"elementor-container elementor-column-gap-default\">\n\t\t\t\t\t<div class=\"elementor-column elementor-col-33 elementor-top-column elementor-element elementor-element-9e7de0e\" data-id=\"9e7de0e\" data-element_type=\"column\">\n\t\t\t<div class=\"elementor-widget-wrap elementor-element-populated\">\n\t\t\t\t\t\t<div class=\"elementor-element elementor-element-2f00731 elementor-widget elementor-widget-image\" data-id=\"2f00731\" data-element_type=\"widget\" data-widget_type=\"image.default\">\n\t\t\t\t<div class=\"elementor-widget-container\">\n\t\t\t\t\t\t\t\t\t\t\t\t\t\t\t<img decoding=\"async\" width=\"140\" height=\"112\" src=\"https:\/\/heissklebepistole.de\/wp-content\/uploads\/2021\/06\/icon-1.png\" class=\"attachment-large size-large wp-image-1682\" alt=\"Know-How\" srcset=\"https:\/\/heissklebepistole.de\/wp-content\/uploads\/2021\/06\/icon-1.png 140w, https:\/\/heissklebepistole.de\/wp-content\/uploads\/2021\/06\/icon-1-50x40.png 50w, https:\/\/heissklebepistole.de\/wp-content\/uploads\/2021\/06\/icon-1-94x75.png 94w\" sizes=\"(max-width: 140px) 100vw, 140px\" \/>\t\t\t\t\t\t\t\t\t\t\t\t\t\t\t<\/div>\n\t\t\t\t<\/div>\n\t\t\t\t<div class=\"elementor-element elementor-element-6225b22 elementor-widget elementor-widget-spacer\" data-id=\"6225b22\" data-element_type=\"widget\" data-widget_type=\"spacer.default\">\n\t\t\t\t<div class=\"elementor-widget-container\">\n\t\t\t\t\t\t\t<div class=\"elementor-spacer\">\n\t\t\t<div class=\"elementor-spacer-inner\"><\/div>\n\t\t<\/div>\n\t\t\t\t\t\t<\/div>\n\t\t\t\t<\/div>\n\t\t\t\t<div class=\"elementor-element elementor-element-a502705 elementor-widget elementor-widget-text-editor\" data-id=\"a502705\" data-element_type=\"widget\" data-widget_type=\"text-editor.default\">\n\t\t\t\t<div class=\"elementor-widget-container\">\n\t\t\t\t\t\t\t\t\t<h3>Know-How<\/h3>\n<p>A.S. Exclusiv \u00e8 una delle aziende leader in Europa per le attrezzature professionali per l&#8217;applicazione di adesivi e offre una vasta conoscenza nel campo della lavorazione degli adesivi.<\/p>\n\t\t\t\t\t\t\t\t<\/div>\n\t\t\t\t<\/div>\n\t\t\t\t\t<\/div>\n\t\t<\/div>\n\t\t\t\t<div class=\"elementor-column elementor-col-33 elementor-top-column elementor-element elementor-element-cde131b\" data-id=\"cde131b\" data-element_type=\"column\">\n\t\t\t<div class=\"elementor-widget-wrap elementor-element-populated\">\n\t\t\t\t\t\t<div class=\"elementor-element elementor-element-483db85 elementor-widget elementor-widget-image\" data-id=\"483db85\" data-element_type=\"widget\" data-widget_type=\"image.default\">\n\t\t\t\t<div class=\"elementor-widget-container\">\n\t\t\t\t\t\t\t\t\t\t\t\t\t\t\t<img decoding=\"async\" width=\"140\" height=\"112\" src=\"https:\/\/heissklebepistole.de\/wp-content\/uploads\/2021\/06\/icon-2.png\" class=\"attachment-large size-large wp-image-1686\" alt=\"Schnelle Abwicklung\" srcset=\"https:\/\/heissklebepistole.de\/wp-content\/uploads\/2021\/06\/icon-2.png 140w, https:\/\/heissklebepistole.de\/wp-content\/uploads\/2021\/06\/icon-2-50x40.png 50w, https:\/\/heissklebepistole.de\/wp-content\/uploads\/2021\/06\/icon-2-94x75.png 94w\" sizes=\"(max-width: 140px) 100vw, 140px\" \/>\t\t\t\t\t\t\t\t\t\t\t\t\t\t\t<\/div>\n\t\t\t\t<\/div>\n\t\t\t\t<div class=\"elementor-element elementor-element-5559652 elementor-widget elementor-widget-spacer\" data-id=\"5559652\" data-element_type=\"widget\" data-widget_type=\"spacer.default\">\n\t\t\t\t<div class=\"elementor-widget-container\">\n\t\t\t\t\t\t\t<div class=\"elementor-spacer\">\n\t\t\t<div class=\"elementor-spacer-inner\"><\/div>\n\t\t<\/div>\n\t\t\t\t\t\t<\/div>\n\t\t\t\t<\/div>\n\t\t\t\t<div class=\"elementor-element elementor-element-f42690e elementor-widget elementor-widget-text-editor\" data-id=\"f42690e\" data-element_type=\"widget\" data-widget_type=\"text-editor.default\">\n\t\t\t\t<div class=\"elementor-widget-container\">\n\t\t\t\t\t\t\t\t\t<h3>Elaborazione rapida<\/h3>\n<p>Attraverso i nostri hirarchies piatti, garantiamo una gestione rapida di tutti i processi aziendali per la completa soddisfazione dei nostri clienti.<\/p>\n\t\t\t\t\t\t\t\t<\/div>\n\t\t\t\t<\/div>\n\t\t\t\t\t<\/div>\n\t\t<\/div>\n\t\t\t\t<div class=\"elementor-column elementor-col-33 elementor-top-column elementor-element elementor-element-6280ec6\" data-id=\"6280ec6\" data-element_type=\"column\">\n\t\t\t<div class=\"elementor-widget-wrap elementor-element-populated\">\n\t\t\t\t\t\t<div class=\"elementor-element elementor-element-02de6ff elementor-widget elementor-widget-image\" data-id=\"02de6ff\" data-element_type=\"widget\" data-widget_type=\"image.default\">\n\t\t\t\t<div class=\"elementor-widget-container\">\n\t\t\t\t\t\t\t\t\t\t\t\t\t\t\t<img decoding=\"async\" width=\"140\" height=\"112\" src=\"https:\/\/heissklebepistole.de\/wp-content\/uploads\/2021\/06\/icon-3.png\" class=\"attachment-large size-large wp-image-1690\" alt=\"Erfahrungsgebiet\" srcset=\"https:\/\/heissklebepistole.de\/wp-content\/uploads\/2021\/06\/icon-3.png 140w, https:\/\/heissklebepistole.de\/wp-content\/uploads\/2021\/06\/icon-3-50x40.png 50w, https:\/\/heissklebepistole.de\/wp-content\/uploads\/2021\/06\/icon-3-94x75.png 94w\" sizes=\"(max-width: 140px) 100vw, 140px\" \/>\t\t\t\t\t\t\t\t\t\t\t\t\t\t\t<\/div>\n\t\t\t\t<\/div>\n\t\t\t\t<div class=\"elementor-element elementor-element-be66a02 elementor-widget elementor-widget-spacer\" data-id=\"be66a02\" data-element_type=\"widget\" data-widget_type=\"spacer.default\">\n\t\t\t\t<div class=\"elementor-widget-container\">\n\t\t\t\t\t\t\t<div class=\"elementor-spacer\">\n\t\t\t<div class=\"elementor-spacer-inner\"><\/div>\n\t\t<\/div>\n\t\t\t\t\t\t<\/div>\n\t\t\t\t<\/div>\n\t\t\t\t<div class=\"elementor-element elementor-element-8bf5da8 elementor-widget elementor-widget-text-editor\" data-id=\"8bf5da8\" data-element_type=\"widget\" data-widget_type=\"text-editor.default\">\n\t\t\t\t<div class=\"elementor-widget-container\">\n\t\t\t\t\t\t\t\t\t<h3>Esperienza<\/h3><p>Attraverso 36 anni di esperienza nel mercato, garantiamo una consulenza completa, supporto immediato in caso di problemi, prezzi equi e prodotti di alta qualit\u00e0.<\/p>\t\t\t\t\t\t\t\t<\/div>\n\t\t\t\t<\/div>\n\t\t\t\t\t<\/div>\n\t\t<\/div>\n\t\t\t\t\t<\/div>\n\t\t<\/section>\n\t\t\t\t<section class=\"elementor-section elementor-top-section elementor-element elementor-element-57c449c elementor-section-boxed elementor-section-height-default elementor-section-height-default\" data-id=\"57c449c\" data-element_type=\"section\">\n\t\t\t\t\t\t<div class=\"elementor-container elementor-column-gap-default\">\n\t\t\t\t\t<div class=\"elementor-column elementor-col-100 elementor-top-column elementor-element elementor-element-a30470f\" data-id=\"a30470f\" data-element_type=\"column\">\n\t\t\t<div class=\"elementor-widget-wrap elementor-element-populated\">\n\t\t\t\t\t\t<div class=\"elementor-element elementor-element-40a1f23 elementor-widget elementor-widget-spacer\" data-id=\"40a1f23\" data-element_type=\"widget\" data-widget_type=\"spacer.default\">\n\t\t\t\t<div class=\"elementor-widget-container\">\n\t\t\t\t\t\t\t<div class=\"elementor-spacer\">\n\t\t\t<div class=\"elementor-spacer-inner\"><\/div>\n\t\t<\/div>\n\t\t\t\t\t\t<\/div>\n\t\t\t\t<\/div>\n\t\t\t\t\t<\/div>\n\t\t<\/div>\n\t\t\t\t\t<\/div>\n\t\t<\/section>\n\t\t\t\t<section class=\"elementor-section elementor-top-section elementor-element elementor-element-668123d elementor-section-full_width elementor-section-stretched elementor-section-height-default elementor-section-height-default\" data-id=\"668123d\" data-element_type=\"section\" data-settings=\"{&quot;stretch_section&quot;:&quot;section-stretched&quot;,&quot;background_background&quot;:&quot;classic&quot;}\">\n\t\t\t\t\t\t\t<div class=\"elementor-background-overlay\"><\/div>\n\t\t\t\t\t\t\t<div class=\"elementor-container elementor-column-gap-default\">\n\t\t\t\t\t<div class=\"elementor-column elementor-col-100 elementor-top-column elementor-element elementor-element-3fbafa0\" data-id=\"3fbafa0\" data-element_type=\"column\">\n\t\t\t<div class=\"elementor-widget-wrap elementor-element-populated\">\n\t\t\t\t\t\t<div class=\"elementor-element elementor-element-ec9c5bb elementor-widget elementor-widget-spacer\" data-id=\"ec9c5bb\" data-element_type=\"widget\" data-widget_type=\"spacer.default\">\n\t\t\t\t<div class=\"elementor-widget-container\">\n\t\t\t\t\t\t\t<div class=\"elementor-spacer\">\n\t\t\t<div class=\"elementor-spacer-inner\"><\/div>\n\t\t<\/div>\n\t\t\t\t\t\t<\/div>\n\t\t\t\t<\/div>\n\t\t\t\t<div class=\"elementor-element elementor-element-c020df7 elementor-widget elementor-widget-text-editor\" data-id=\"c020df7\" data-element_type=\"widget\" data-widget_type=\"text-editor.default\">\n\t\t\t\t<div class=\"elementor-widget-container\">\n\t\t\t\t\t\t\t\t\t<h3>L&#8217;Azienda<\/h3>\n\t\t\t\t\t\t\t\t<\/div>\n\t\t\t\t<\/div>\n\t\t\t\t<div class=\"elementor-element elementor-element-804a960 elementor-widget-divider--view-line elementor-widget elementor-widget-divider\" data-id=\"804a960\" data-element_type=\"widget\" data-widget_type=\"divider.default\">\n\t\t\t\t<div class=\"elementor-widget-container\">\n\t\t\t\t\t\t\t<div class=\"elementor-divider\">\n\t\t\t<span class=\"elementor-divider-separator\">\n\t\t\t\t\t\t<\/span>\n\t\t<\/div>\n\t\t\t\t\t\t<\/div>\n\t\t\t\t<\/div>\n\t\t\t\t<div class=\"elementor-element elementor-element-3f15f2f elementor-widget elementor-widget-text-editor\" data-id=\"3f15f2f\" data-element_type=\"widget\" data-widget_type=\"text-editor.default\">\n\t\t\t\t<div class=\"elementor-widget-container\">\n\t\t\t\t\t\t\t\t\t<p><strong>Anno di fondazione:<\/strong> 1985.<br \/><strong>Settore:<\/strong> Produzione e distribuzione di dispositivi per l&#8217;applicazione di adesivi e adesivi hot melt.<br \/><strong>Chi siamo:<\/strong> A.S. Exclusiv \u00e8 una delle aziende leader in Europa per le attrezzature professionali per l&#8217;applicazione di adesivi.<br \/>Specializzata nella produzione e distribuzione di attrezzature e accessori per colla a caldo.<br \/><strong>Sede centrale:<\/strong> La sede dell&#8217;azienda \u00e8 nel cuore della Germania: a Colonia.<\/p>\t\t\t\t\t\t\t\t<\/div>\n\t\t\t\t<\/div>\n\t\t\t\t<div class=\"elementor-element elementor-element-8d03726 elementor-widget elementor-widget-spacer\" data-id=\"8d03726\" data-element_type=\"widget\" data-widget_type=\"spacer.default\">\n\t\t\t\t<div class=\"elementor-widget-container\">\n\t\t\t\t\t\t\t<div class=\"elementor-spacer\">\n\t\t\t<div class=\"elementor-spacer-inner\"><\/div>\n\t\t<\/div>\n\t\t\t\t\t\t<\/div>\n\t\t\t\t<\/div>\n\t\t\t\t\t<\/div>\n\t\t<\/div>\n\t\t\t\t\t<\/div>\n\t\t<\/section>\n\t\t\t\t<section class=\"elementor-section elementor-top-section elementor-element elementor-element-9c2f79f elementor-section-boxed elementor-section-height-default elementor-section-height-default\" data-id=\"9c2f79f\" data-element_type=\"section\">\n\t\t\t\t\t\t<div class=\"elementor-container elementor-column-gap-default\">\n\t\t\t\t\t<div class=\"elementor-column elementor-col-100 elementor-top-column elementor-element elementor-element-8a98adc\" data-id=\"8a98adc\" data-element_type=\"column\">\n\t\t\t<div class=\"elementor-widget-wrap elementor-element-populated\">\n\t\t\t\t\t\t<div class=\"elementor-element elementor-element-80387d2 elementor-widget elementor-widget-spacer\" data-id=\"80387d2\" data-element_type=\"widget\" data-widget_type=\"spacer.default\">\n\t\t\t\t<div class=\"elementor-widget-container\">\n\t\t\t\t\t\t\t<div class=\"elementor-spacer\">\n\t\t\t<div class=\"elementor-spacer-inner\"><\/div>\n\t\t<\/div>\n\t\t\t\t\t\t<\/div>\n\t\t\t\t<\/div>\n\t\t\t\t<div class=\"elementor-element elementor-element-2281105 elementor-widget elementor-widget-text-editor\" data-id=\"2281105\" data-element_type=\"widget\" data-widget_type=\"text-editor.default\">\n\t\t\t\t<div class=\"elementor-widget-container\">\n\t\t\t\t\t\t\t\t\t<h3>Il Team<\/h3>\n\t\t\t\t\t\t\t\t<\/div>\n\t\t\t\t<\/div>\n\t\t\t\t<div class=\"elementor-element elementor-element-383587d elementor-widget-divider--view-line elementor-widget elementor-widget-divider\" data-id=\"383587d\" data-element_type=\"widget\" data-widget_type=\"divider.default\">\n\t\t\t\t<div class=\"elementor-widget-container\">\n\t\t\t\t\t\t\t<div class=\"elementor-divider\">\n\t\t\t<span class=\"elementor-divider-separator\">\n\t\t\t\t\t\t<\/span>\n\t\t<\/div>\n\t\t\t\t\t\t<\/div>\n\t\t\t\t<\/div>\n\t\t\t\t\t<\/div>\n\t\t<\/div>\n\t\t\t\t\t<\/div>\n\t\t<\/section>\n\t\t\t\t<section class=\"elementor-section elementor-top-section elementor-element elementor-element-0a02d15 elementor-section-boxed elementor-section-height-default elementor-section-height-default\" data-id=\"0a02d15\" data-element_type=\"section\">\n\t\t\t\t\t\t<div class=\"elementor-container elementor-column-gap-default\">\n\t\t\t\t\t<div class=\"elementor-column elementor-col-33 elementor-top-column elementor-element elementor-element-133aa84\" data-id=\"133aa84\" data-element_type=\"column\">\n\t\t\t<div class=\"elementor-widget-wrap elementor-element-populated\">\n\t\t\t\t\t\t<div class=\"elementor-element elementor-element-0e8aabc elementor-widget elementor-widget-mfn_our_team\" data-id=\"0e8aabc\" data-element_type=\"widget\" data-widget_type=\"mfn_our_team.default\">\n\t\t\t\t<div class=\"elementor-widget-container\">\n\t\t\t\t\t<div class=\"team team_vertical\"><div class=\"image_frame photo no_link scale-with-grid\"><div class=\"image_wrapper\"><img decoding=\"async\" class=\"scale-with-grid\" src=\"https:\/\/heissklebepistole.de\/wp-content\/uploads\/2021\/06\/Platzhalter-Mitarbeiter.png\" alt=\"Chi Siamo\" width=\"\" height=\"\"\/><\/div><\/div><div class=\"desc_wrapper\"><h4>R\u00fcdiger Rom<\/h4><p class=\"subtitle\">Proprietario e Amministratore Delegato<\/p><p class=\"phone\"><i class=\"icon-phone\"><\/i> <a href=\"tel:+49 221 - 44 66 44\">+49 221 - 44 66 44<\/a><\/p><hr class=\"hr_color\" \/><div class=\"desc\"><\/div><div class=\"links\"><a href=\"mailto:ruediger.rom@heissklebepistole.de\" class=\"icon_bar icon_bar_small mail\"><span class=\"t\"><i class=\"icon-mail\"><\/i><\/span><span class=\"b\"><i class=\"icon-mail\"><\/i><\/span><\/a><\/div><blockquote>L'industria degli adesivi \u00e8 un mercato altamente competitivo in cui da 36 anni ci affidiamo costantemente a una consulenza di alta qualit\u00e0 e a prodotti innovativi come partner competente. In tal modo, ci concentriamo sulla continuit\u00e0 e sulla cooperazione a lungo termine.<\/blockquote><\/div><\/div>\n\t\t\t\t<\/div>\n\t\t\t\t<\/div>\n\t\t\t\t\t<\/div>\n\t\t<\/div>\n\t\t\t\t<div class=\"elementor-column elementor-col-33 elementor-top-column elementor-element elementor-element-daf67b8\" data-id=\"daf67b8\" data-element_type=\"column\">\n\t\t\t<div class=\"elementor-widget-wrap elementor-element-populated\">\n\t\t\t\t\t\t<div class=\"elementor-element elementor-element-120fb1e elementor-widget elementor-widget-mfn_our_team\" data-id=\"120fb1e\" data-element_type=\"widget\" data-widget_type=\"mfn_our_team.default\">\n\t\t\t\t<div class=\"elementor-widget-container\">\n\t\t\t\t\t<div class=\"team team_vertical\"><div class=\"image_frame photo no_link scale-with-grid\"><div class=\"image_wrapper\"><img loading=\"lazy\" decoding=\"async\" class=\"scale-with-grid\" src=\"https:\/\/heissklebepistole.de\/wp-content\/uploads\/2021\/12\/Platzhalter-Mitarbeiterin.png\" alt=\"Platzhalter f\u00fcr Mitarbeiterin\" width=\"671\" height=\"671\"\/><\/div><\/div><div class=\"desc_wrapper\"><h4>Lou Desfosse<\/h4><p class=\"subtitle\">Vendite in fiera<\/p><p class=\"phone\"><i class=\"icon-phone\"><\/i> <a href=\"tel:+49 221 - 44 66 44\">+49 221 - 44 66 44<\/a><\/p><hr class=\"hr_color\" \/><div class=\"desc\"><\/div><div class=\"links\"><a href=\"mailto:info@heissklebepistole.de\" class=\"icon_bar icon_bar_small mail\"><span class=\"t\"><i class=\"icon-mail\"><\/i><\/span><span class=\"b\"><i class=\"icon-mail\"><\/i><\/span><\/a><\/div><blockquote>Sono rappresentato per A.S. Exclusiv in molte fiere di settore e sarei lieto di conoscervi personalmente.<\/blockquote><\/div><\/div>\n\t\t\t\t<\/div>\n\t\t\t\t<\/div>\n\t\t\t\t\t<\/div>\n\t\t<\/div>\n\t\t\t\t<div class=\"elementor-column elementor-col-33 elementor-top-column elementor-element elementor-element-beb1d4e\" data-id=\"beb1d4e\" data-element_type=\"column\">\n\t\t\t<div class=\"elementor-widget-wrap elementor-element-populated\">\n\t\t\t\t\t\t<div class=\"elementor-element elementor-element-c682534 elementor-widget elementor-widget-mfn_our_team\" data-id=\"c682534\" data-element_type=\"widget\" data-widget_type=\"mfn_our_team.default\">\n\t\t\t\t<div class=\"elementor-widget-container\">\n\t\t\t\t\t<div class=\"team team_vertical\"><div class=\"image_frame photo no_link scale-with-grid\"><div class=\"image_wrapper\"><img loading=\"lazy\" decoding=\"async\" class=\"scale-with-grid\" src=\"https:\/\/heissklebepistole.de\/wp-content\/uploads\/2021\/12\/Platzhalter-Mitarbeiterin.png\" alt=\"Platzhalter f\u00fcr Mitarbeiterin\" width=\"671\" height=\"671\"\/><\/div><\/div><div class=\"desc_wrapper\"><h4>Anna Budde<\/h4><p class=\"subtitle\">Assistente alla direzione. Focus sui clienti e sul mercato di lingua italiana.<\/p><p class=\"phone\"><i class=\"icon-phone\"><\/i> <a href=\"tel:+49 221 - 44 66 44\">+49 221 - 44 66 44<\/a><\/p><hr class=\"hr_color\" \/><div class=\"desc\"><\/div><div class=\"links\"><a href=\"mailto:info@heissklebepistole.de\" class=\"icon_bar icon_bar_small mail\"><span class=\"t\"><i class=\"icon-mail\"><\/i><\/span><span class=\"b\"><i class=\"icon-mail\"><\/i><\/span><\/a><\/div><blockquote>Sono felice di aiutarti con i tuoi problemi di incollaggio in una bella telefonata.<\/blockquote><\/div><\/div>\n\t\t\t\t<\/div>\n\t\t\t\t<\/div>\n\t\t\t\t\t<\/div>\n\t\t<\/div>\n\t\t\t\t\t<\/div>\n\t\t<\/section>\n\t\t\t\t<\/div>\n\t\t","protected":false},"excerpt":{"rendered":"<p>Perch\u00e9 A.S. Exclusiv? Pi\u00f9 di 40 anni di esperienza nella produzione e distribuzione di attrezzature per l&#8217;applicazione di adesivi e adesivi hot melt. Dal 1985, ci<span class=\"excerpt-hellip\"> [\u2026]<\/span><\/p>\n","protected":false},"author":1,"featured_media":1419,"parent":0,"menu_order":3,"comment_status":"closed","ping_status":"closed","template":"","meta":{"footnotes":""},"class_list":["post-1680","page","type-page","status-publish","has-post-thumbnail","hentry"],"_links":{"self":[{"href":"https:\/\/heissklebepistole.de\/it\/wp-json\/wp\/v2\/pages\/1680","targetHints":{"allow":["GET"]}}],"collection":[{"href":"https:\/\/heissklebepistole.de\/it\/wp-json\/wp\/v2\/pages"}],"about":[{"href":"https:\/\/heissklebepistole.de\/it\/wp-json\/wp\/v2\/types\/page"}],"author":[{"embeddable":true,"href":"https:\/\/heissklebepistole.de\/it\/wp-json\/wp\/v2\/users\/1"}],"replies":[{"embeddable":true,"href":"https:\/\/heissklebepistole.de\/it\/wp-json\/wp\/v2\/comments?post=1680"}],"version-history":[{"count":13,"href":"https:\/\/heissklebepistole.de\/it\/wp-json\/wp\/v2\/pages\/1680\/revisions"}],"predecessor-version":[{"id":3100,"href":"https:\/\/heissklebepistole.de\/it\/wp-json\/wp\/v2\/pages\/1680\/revisions\/3100"}],"wp:featuredmedia":[{"embeddable":true,"href":"https:\/\/heissklebepistole.de\/it\/wp-json\/wp\/v2\/media\/1419"}],"wp:attachment":[{"href":"https:\/\/heissklebepistole.de\/it\/wp-json\/wp\/v2\/media?parent=1680"}],"curies":[{"name":"wp","href":"https:\/\/api.w.org\/{rel}","templated":true}]}}